{"id":71,"date":"2017-08-23T22:04:29","date_gmt":"2017-08-23T21:04:29","guid":{"rendered":"http:\/\/www.tc-badwilsnack.de\/?page_id=71"},"modified":"2020-03-22T19:03:29","modified_gmt":"2020-03-22T17:03:29","slug":"menu","status":"publish","type":"page","link":"https:\/\/www.tc-badwilsnack.de\/","title":{"rendered":"Menu"},"content":{"rendered":"<p style=\"text-align: center;\"><strong>Liebe Tennisfreunde!<\/strong><\/p>\n<p style=\"text-align: center;\"><strong>Wir begr\u00fc\u00dfen Euch ganz herzlich auf der Internetseite unseres Tennis-Vereines.<\/strong><\/p>\n<p style=\"text-align: center;\"><strong>Mit sportlichen Gr\u00fc\u00dfen<\/strong><\/p>\n<p style=\"text-align: center;\"><strong>Der Vorstand<\/strong><\/p>\n","protected":false},"excerpt":{"rendered":"<p>Liebe Tennisfreunde! Wir begr\u00fc\u00dfen Euch ganz herzlich auf der Internetseite unseres Tennis-Vereines. Mit sportlichen Gr\u00fc\u00dfen Der Vorstand<\/p>\n","protected":false},"author":1,"featured_media":0,"parent":0,"menu_order":2,"comment_status":"closed","ping_status":"closed","template":"","meta":{"footnotes":""},"class_list":["post-71","page","type-page","status-publish","hentry"],"_links":{"self":[{"href":"https:\/\/www.tc-badwilsnack.de\/index.php?rest_route=\/wp\/v2\/pages\/71","targetHints":{"allow":["GET"]}}],"collection":[{"href":"https:\/\/www.tc-badwilsnack.de\/index.php?rest_route=\/wp\/v2\/pages"}],"about":[{"href":"https:\/\/www.tc-badwilsnack.de\/index.php?rest_route=\/wp\/v2\/types\/page"}],"author":[{"embeddable":true,"href":"https:\/\/www.tc-badwilsnack.de\/index.php?rest_route=\/wp\/v2\/users\/1"}],"replies":[{"embeddable":true,"href":"https:\/\/www.tc-badwilsnack.de\/index.php?rest_route=%2Fwp%2Fv2%2Fcomments&post=71"}],"version-history":[{"count":14,"href":"https:\/\/www.tc-badwilsnack.de\/index.php?rest_route=\/wp\/v2\/pages\/71\/revisions"}],"predecessor-version":[{"id":1349,"href":"https:\/\/www.tc-badwilsnack.de\/index.php?rest_route=\/wp\/v2\/pages\/71\/revisions\/1349"}],"wp:attachment":[{"href":"https:\/\/www.tc-badwilsnack.de\/index.php?rest_route=%2Fwp%2Fv2%2Fmedia&parent=71"}],"curies":[{"name":"wp","href":"https:\/\/api.w.org\/{rel}","templated":true}]}}